{"id":231,"date":"2021-06-16T11:20:05","date_gmt":"2021-06-16T09:20:05","guid":{"rendered":"https:\/\/www.vdv-consult.be\/?page_id=231"},"modified":"2024-01-16T12:35:03","modified_gmt":"2024-01-16T11:35:03","slug":"home","status":"publish","type":"page","link":"https:\/\/www.vdv-consult.be\/fr\/","title":{"rendered":"FR Home"},"content":{"rendered":"<div id=\"cs-content\" class=\"cs-content\"><\/div>\n","protected":false},"excerpt":{"rendered":"<p>Pourquoi nous choisir ? Vous pouvez nous transmettre vos contrats par e-mail, ou les traiter directement via l&rsquo;application ENECO, en la mati\u00e8re le choix vous appartient enti\u00e8rement. Vous recevrez, mensuellement, le paiement de votre commission, en plus de la facture de commission inh\u00e9rente. Vous pouvez compter sur notre \u00e9quipe professionnelle, toujours pr\u00eate \u00e0 vous aider. Vous pouvez aider le client &#8230; <\/p>\n<div><a href=\"https:\/\/www.vdv-consult.be\/fr\/\" class=\"more-link\">Read More<\/a><\/div>\n","protected":false},"author":2,"featured_media":0,"parent":0,"menu_order":0,"comment_status":"closed","ping_status":"closed","template":"template-blank-4.php","meta":{"footnotes":""},"class_list":["post-231","page","type-page","status-publish","hentry","no-post-thumbnail"],"yoast_head":"<!-- This site is optimized with the Yoast SEO plugin v21.7 - https:\/\/yoast.com\/wordpress\/plugins\/seo\/ -->\n<title>Partenaire officiel d&#039;Eneco | VDV Consult<\/title>\n<meta name=\"description\" content=\"VDV Consult | Uniquement pour les agences immobili\u00e8res et les promoteurs immobiliers en Belgique\" \/>\n<meta name=\"robots\" content=\"index, follow, max-snippet:-1, max-image-preview:large, max-video-preview:-1\" \/>\n<link rel=\"canonical\" href=\"https:\/\/www.vdv-consult.be\/fr\/home\/\" \/>\n<meta property=\"og:locale\" content=\"fr_FR\" \/>\n<meta property=\"og:type\" content=\"article\" \/>\n<meta property=\"og:title\" content=\"Partenaire officiel d&#039;Eneco | VDV Consult\" \/>\n<meta property=\"og:description\" content=\"VDV Consult | Uniquement pour les agences immobili\u00e8res et les promoteurs immobiliers en Belgique\" \/>\n<meta property=\"og:url\" content=\"https:\/\/www.vdv-consult.be\/fr\/home\/\" \/>\n<meta property=\"og:site_name\" content=\"VDV Consult\" \/>\n<meta property=\"article:modified_time\" content=\"2024-01-16T11:35:03+00:00\" \/>\n<meta name=\"twitter:card\" content=\"summary_large_image\" \/>\n<script type=\"application\/ld+json\" class=\"yoast-schema-graph\">{\"@context\":\"https:\/\/schema.org\",\"@graph\":[{\"@type\":\"WebPage\",\"@id\":\"https:\/\/www.vdv-consult.be\/fr\/home\/\",\"url\":\"https:\/\/www.vdv-consult.be\/fr\/home\/\",\"name\":\"Partenaire officiel d'Eneco | VDV Consult\",\"isPartOf\":{\"@id\":\"https:\/\/www.vdv-consult.be\/#website\"},\"datePublished\":\"2021-06-16T09:20:05+00:00\",\"dateModified\":\"2024-01-16T11:35:03+00:00\",\"description\":\"VDV Consult | Uniquement pour les agences immobili\u00e8res et les promoteurs immobiliers en Belgique\",\"breadcrumb\":{\"@id\":\"https:\/\/www.vdv-consult.be\/fr\/home\/#breadcrumb\"},\"inLanguage\":\"fr-FR\",\"potentialAction\":[{\"@type\":\"ReadAction\",\"target\":[\"https:\/\/www.vdv-consult.be\/fr\/home\/\"]}]},{\"@type\":\"BreadcrumbList\",\"@id\":\"https:\/\/www.vdv-consult.be\/fr\/home\/#breadcrumb\",\"itemListElement\":[{\"@type\":\"ListItem\",\"position\":1,\"name\":\"Home\",\"item\":\"https:\/\/www.vdv-consult.be\/fr\/home\/\"},{\"@type\":\"ListItem\",\"position\":2,\"name\":\"FR Home\"}]},{\"@type\":\"WebSite\",\"@id\":\"https:\/\/www.vdv-consult.be\/#website\",\"url\":\"https:\/\/www.vdv-consult.be\/\",\"name\":\"VDV Consult\",\"description\":\"VDV Consult - Offici\u00eble partner van Eneco voor vastgoedkantoren en bouwpromotoren in Belgi\u00eb\",\"potentialAction\":[{\"@type\":\"SearchAction\",\"target\":{\"@type\":\"EntryPoint\",\"urlTemplate\":\"https:\/\/www.vdv-consult.be\/?s={search_term_string}\"},\"query-input\":\"required name=search_term_string\"}],\"inLanguage\":\"fr-FR\"}]}<\/script>\n<!-- \/ Yoast SEO plugin. -->","yoast_head_json":{"title":"Partenaire officiel d'Eneco | VDV Consult","description":"VDV Consult | Uniquement pour les agences immobili\u00e8res et les promoteurs immobiliers en Belgique","robots":{"index":"index","follow":"follow","max-snippet":"max-snippet:-1","max-image-preview":"max-image-preview:large","max-video-preview":"max-video-preview:-1"},"canonical":"https:\/\/www.vdv-consult.be\/fr\/home\/","og_locale":"fr_FR","og_type":"article","og_title":"Partenaire officiel d'Eneco | VDV Consult","og_description":"VDV Consult | Uniquement pour les agences immobili\u00e8res et les promoteurs immobiliers en Belgique","og_url":"https:\/\/www.vdv-consult.be\/fr\/home\/","og_site_name":"VDV Consult","article_modified_time":"2024-01-16T11:35:03+00:00","twitter_card":"summary_large_image","schema":{"@context":"https:\/\/schema.org","@graph":[{"@type":"WebPage","@id":"https:\/\/www.vdv-consult.be\/fr\/home\/","url":"https:\/\/www.vdv-consult.be\/fr\/home\/","name":"Partenaire officiel d'Eneco | VDV Consult","isPartOf":{"@id":"https:\/\/www.vdv-consult.be\/#website"},"datePublished":"2021-06-16T09:20:05+00:00","dateModified":"2024-01-16T11:35:03+00:00","description":"VDV Consult | Uniquement pour les agences immobili\u00e8res et les promoteurs immobiliers en Belgique","breadcrumb":{"@id":"https:\/\/www.vdv-consult.be\/fr\/home\/#breadcrumb"},"inLanguage":"fr-FR","potentialAction":[{"@type":"ReadAction","target":["https:\/\/www.vdv-consult.be\/fr\/home\/"]}]},{"@type":"BreadcrumbList","@id":"https:\/\/www.vdv-consult.be\/fr\/home\/#breadcrumb","itemListElement":[{"@type":"ListItem","position":1,"name":"Home","item":"https:\/\/www.vdv-consult.be\/fr\/home\/"},{"@type":"ListItem","position":2,"name":"FR Home"}]},{"@type":"WebSite","@id":"https:\/\/www.vdv-consult.be\/#website","url":"https:\/\/www.vdv-consult.be\/","name":"VDV Consult","description":"VDV Consult - Offici\u00eble partner van Eneco voor vastgoedkantoren en bouwpromotoren in Belgi\u00eb","potentialAction":[{"@type":"SearchAction","target":{"@type":"EntryPoint","urlTemplate":"https:\/\/www.vdv-consult.be\/?s={search_term_string}"},"query-input":"required name=search_term_string"}],"inLanguage":"fr-FR"}]}},"_links":{"self":[{"href":"https:\/\/www.vdv-consult.be\/fr\/wp-json\/wp\/v2\/pages\/231","targetHints":{"allow":["GET"]}}],"collection":[{"href":"https:\/\/www.vdv-consult.be\/fr\/wp-json\/wp\/v2\/pages"}],"about":[{"href":"https:\/\/www.vdv-consult.be\/fr\/wp-json\/wp\/v2\/types\/page"}],"author":[{"embeddable":true,"href":"https:\/\/www.vdv-consult.be\/fr\/wp-json\/wp\/v2\/users\/2"}],"replies":[{"embeddable":true,"href":"https:\/\/www.vdv-consult.be\/fr\/wp-json\/wp\/v2\/comments?post=231"}],"version-history":[{"count":7,"href":"https:\/\/www.vdv-consult.be\/fr\/wp-json\/wp\/v2\/pages\/231\/revisions"}],"predecessor-version":[{"id":323,"href":"https:\/\/www.vdv-consult.be\/fr\/wp-json\/wp\/v2\/pages\/231\/revisions\/323"}],"wp:attachment":[{"href":"https:\/\/www.vdv-consult.be\/fr\/wp-json\/wp\/v2\/media?parent=231"}],"curies":[{"name":"wp","href":"https:\/\/api.w.org\/{rel}","templated":true}]}}