{"id":264,"date":"2021-06-16T11:22:20","date_gmt":"2021-06-16T09:22:20","guid":{"rendered":"https:\/\/www.vdv-consult.be\/partner-worden\/"},"modified":"2026-01-23T15:06:33","modified_gmt":"2026-01-23T14:06:33","slug":"partner-worden","status":"publish","type":"page","link":"https:\/\/www.vdv-consult.be\/fr\/partner-worden\/","title":{"rendered":"FR Meer info"},"content":{"rendered":"<div id=\"cs-content\" class=\"cs-content\"><\/div>\n","protected":false},"excerpt":{"rendered":"<p>Demande d&rsquo;informations suppl\u00e9mentairesUtilisez le formulaire ci-dessous pour que nous puissions vous contacter sans engagement.Populierenlaan 67 3621 Rekem Tel.:\u00a0089 43 01 01 E-mail:\u00a0FM_Vastgoedservice@eneco.com Num\u00e9ro d&rsquo;entreprise: BE0547.709.312 Disponible par t\u00e9l\u00e9phone Lundi: 09u00 \u2013 14u30 Mardi: 09u00 \u2013 14u30 Mercredi: 09u00 \u2013 14u30 Jeudi: 09u00 \u2013 14u30 Vendredi: 09u00 \u2013 14u30 Samedi: Ferm\u00e9 Dimanche: Ferm\u00e9 \u00ab\u00a0*\u00a0\u00bb indique les champs n\u00e9cessaires Nom* E-mail* Num\u00e9ro &#8230; <\/p>\n<div><a href=\"https:\/\/www.vdv-consult.be\/fr\/partner-worden\/\" class=\"more-link\">Read More<\/a><\/div>\n","protected":false},"author":2,"featured_media":0,"parent":0,"menu_order":0,"comment_status":"closed","ping_status":"closed","template":"template-blank-4.php","meta":{"footnotes":""},"class_list":["post-264","page","type-page","status-publish","hentry","no-post-thumbnail"],"yoast_head":"<!-- This site is optimized with the Yoast SEO plugin v21.7 - https:\/\/yoast.com\/wordpress\/plugins\/seo\/ -->\n<title>Plus d&#039;infos | VDV Consult<\/title>\n<meta name=\"description\" content=\"VDV Consult | Uniquement pour les agences immobili\u00e8res et les promoteurs immobiliers en Belgique\" \/>\n<meta name=\"robots\" content=\"index, follow, max-snippet:-1, max-image-preview:large, max-video-preview:-1\" \/>\n<link rel=\"canonical\" href=\"https:\/\/www.vdv-consult.be\/fr\/partner-worden\/\" \/>\n<meta property=\"og:locale\" content=\"fr_FR\" \/>\n<meta property=\"og:type\" content=\"article\" \/>\n<meta property=\"og:title\" content=\"Plus d&#039;infos | VDV Consult\" \/>\n<meta property=\"og:description\" content=\"VDV Consult | Uniquement pour les agences immobili\u00e8res et les promoteurs immobiliers en Belgique\" \/>\n<meta property=\"og:url\" content=\"https:\/\/www.vdv-consult.be\/fr\/partner-worden\/\" \/>\n<meta property=\"og:site_name\" content=\"VDV Consult\" \/>\n<meta property=\"article:modified_time\" content=\"2026-01-23T14:06:33+00:00\" \/>\n<meta name=\"twitter:card\" content=\"summary_large_image\" \/>\n<meta name=\"twitter:label1\" content=\"Dur\u00e9e de lecture estim\u00e9e\" \/>\n\t<meta name=\"twitter:data1\" content=\"1 minute\" \/>\n<script type=\"application\/ld+json\" class=\"yoast-schema-graph\">{\"@context\":\"https:\/\/schema.org\",\"@graph\":[{\"@type\":\"WebPage\",\"@id\":\"https:\/\/www.vdv-consult.be\/fr\/partner-worden\/\",\"url\":\"https:\/\/www.vdv-consult.be\/fr\/partner-worden\/\",\"name\":\"Plus d'infos | VDV Consult\",\"isPartOf\":{\"@id\":\"https:\/\/www.vdv-consult.be\/#website\"},\"datePublished\":\"2021-06-16T09:22:20+00:00\",\"dateModified\":\"2026-01-23T14:06:33+00:00\",\"description\":\"VDV Consult | Uniquement pour les agences immobili\u00e8res et les promoteurs immobiliers en Belgique\",\"breadcrumb\":{\"@id\":\"https:\/\/www.vdv-consult.be\/fr\/partner-worden\/#breadcrumb\"},\"inLanguage\":\"fr-FR\",\"potentialAction\":[{\"@type\":\"ReadAction\",\"target\":[\"https:\/\/www.vdv-consult.be\/fr\/partner-worden\/\"]}]},{\"@type\":\"BreadcrumbList\",\"@id\":\"https:\/\/www.vdv-consult.be\/fr\/partner-worden\/#breadcrumb\",\"itemListElement\":[{\"@type\":\"ListItem\",\"position\":1,\"name\":\"Home\",\"item\":\"https:\/\/www.vdv-consult.be\/fr\/home\/\"},{\"@type\":\"ListItem\",\"position\":2,\"name\":\"FR Meer info\"}]},{\"@type\":\"WebSite\",\"@id\":\"https:\/\/www.vdv-consult.be\/#website\",\"url\":\"https:\/\/www.vdv-consult.be\/\",\"name\":\"VDV Consult\",\"description\":\"VDV Consult - Offici\u00eble partner van Eneco voor vastgoedkantoren en bouwpromotoren in Belgi\u00eb\",\"potentialAction\":[{\"@type\":\"SearchAction\",\"target\":{\"@type\":\"EntryPoint\",\"urlTemplate\":\"https:\/\/www.vdv-consult.be\/?s={search_term_string}\"},\"query-input\":\"required name=search_term_string\"}],\"inLanguage\":\"fr-FR\"}]}<\/script>\n<!-- \/ Yoast SEO plugin. -->","yoast_head_json":{"title":"Plus d'infos | VDV Consult","description":"VDV Consult | Uniquement pour les agences immobili\u00e8res et les promoteurs immobiliers en Belgique","robots":{"index":"index","follow":"follow","max-snippet":"max-snippet:-1","max-image-preview":"max-image-preview:large","max-video-preview":"max-video-preview:-1"},"canonical":"https:\/\/www.vdv-consult.be\/fr\/partner-worden\/","og_locale":"fr_FR","og_type":"article","og_title":"Plus d'infos | VDV Consult","og_description":"VDV Consult | Uniquement pour les agences immobili\u00e8res et les promoteurs immobiliers en Belgique","og_url":"https:\/\/www.vdv-consult.be\/fr\/partner-worden\/","og_site_name":"VDV Consult","article_modified_time":"2026-01-23T14:06:33+00:00","twitter_card":"summary_large_image","twitter_misc":{"Dur\u00e9e de lecture estim\u00e9e":"1 minute"},"schema":{"@context":"https:\/\/schema.org","@graph":[{"@type":"WebPage","@id":"https:\/\/www.vdv-consult.be\/fr\/partner-worden\/","url":"https:\/\/www.vdv-consult.be\/fr\/partner-worden\/","name":"Plus d'infos | VDV Consult","isPartOf":{"@id":"https:\/\/www.vdv-consult.be\/#website"},"datePublished":"2021-06-16T09:22:20+00:00","dateModified":"2026-01-23T14:06:33+00:00","description":"VDV Consult | Uniquement pour les agences immobili\u00e8res et les promoteurs immobiliers en Belgique","breadcrumb":{"@id":"https:\/\/www.vdv-consult.be\/fr\/partner-worden\/#breadcrumb"},"inLanguage":"fr-FR","potentialAction":[{"@type":"ReadAction","target":["https:\/\/www.vdv-consult.be\/fr\/partner-worden\/"]}]},{"@type":"BreadcrumbList","@id":"https:\/\/www.vdv-consult.be\/fr\/partner-worden\/#breadcrumb","itemListElement":[{"@type":"ListItem","position":1,"name":"Home","item":"https:\/\/www.vdv-consult.be\/fr\/home\/"},{"@type":"ListItem","position":2,"name":"FR Meer info"}]},{"@type":"WebSite","@id":"https:\/\/www.vdv-consult.be\/#website","url":"https:\/\/www.vdv-consult.be\/","name":"VDV Consult","description":"VDV Consult - Offici\u00eble partner van Eneco voor vastgoedkantoren en bouwpromotoren in Belgi\u00eb","potentialAction":[{"@type":"SearchAction","target":{"@type":"EntryPoint","urlTemplate":"https:\/\/www.vdv-consult.be\/?s={search_term_string}"},"query-input":"required name=search_term_string"}],"inLanguage":"fr-FR"}]}},"_links":{"self":[{"href":"https:\/\/www.vdv-consult.be\/fr\/wp-json\/wp\/v2\/pages\/264","targetHints":{"allow":["GET"]}}],"collection":[{"href":"https:\/\/www.vdv-consult.be\/fr\/wp-json\/wp\/v2\/pages"}],"about":[{"href":"https:\/\/www.vdv-consult.be\/fr\/wp-json\/wp\/v2\/types\/page"}],"author":[{"embeddable":true,"href":"https:\/\/www.vdv-consult.be\/fr\/wp-json\/wp\/v2\/users\/2"}],"replies":[{"embeddable":true,"href":"https:\/\/www.vdv-consult.be\/fr\/wp-json\/wp\/v2\/comments?post=264"}],"version-history":[{"count":7,"href":"https:\/\/www.vdv-consult.be\/fr\/wp-json\/wp\/v2\/pages\/264\/revisions"}],"predecessor-version":[{"id":328,"href":"https:\/\/www.vdv-consult.be\/fr\/wp-json\/wp\/v2\/pages\/264\/revisions\/328"}],"wp:attachment":[{"href":"https:\/\/www.vdv-consult.be\/fr\/wp-json\/wp\/v2\/media?parent=264"}],"curies":[{"name":"wp","href":"https:\/\/api.w.org\/{rel}","templated":true}]}}