{"id":267,"date":"2021-06-16T16:11:27","date_gmt":"2021-06-16T14:11:27","guid":{"rendered":"https:\/\/www.vdv-consult.be\/algemene-voorwaarden\/"},"modified":"2022-08-31T18:42:12","modified_gmt":"2022-08-31T16:42:12","slug":"algemene-voorwaarden","status":"publish","type":"page","link":"https:\/\/www.vdv-consult.be\/fr\/algemene-voorwaarden\/","title":{"rendered":"FR Algemene voorwaarden"},"content":{"rendered":"<div id=\"cs-content\" class=\"cs-content\"><\/div>\n","protected":false},"excerpt":{"rendered":"<p>Conditions g\u00e9n\u00e9ralesVous trouverez, ci-dessous, nos conditions g\u00e9n\u00e9rales pour les particuliers et pour les professionnels. Conditions g\u00e9n\u00e9rales pour les particuliers et les professionnels<\/p>\n","protected":false},"author":2,"featured_media":0,"parent":0,"menu_order":0,"comment_status":"closed","ping_status":"closed","template":"template-blank-4.php","meta":{"footnotes":""},"class_list":["post-267","page","type-page","status-publish","hentry","no-post-thumbnail"],"yoast_head":"<!-- This site is optimized with the Yoast SEO plugin v21.7 - https:\/\/yoast.com\/wordpress\/plugins\/seo\/ -->\n<title>Conditions g\u00e9n\u00e9rales | VDV Consult<\/title>\n<meta name=\"description\" content=\"VDV Consult | Uniquement pour les agences immobili\u00e8res et les promoteurs immobiliers en Belgique\" \/>\n<meta name=\"robots\" content=\"index, follow, max-snippet:-1, max-image-preview:large, max-video-preview:-1\" \/>\n<link rel=\"canonical\" href=\"https:\/\/www.vdv-consult.be\/fr\/algemene-voorwaarden\/\" \/>\n<meta property=\"og:locale\" content=\"fr_FR\" \/>\n<meta property=\"og:type\" content=\"article\" \/>\n<meta property=\"og:title\" content=\"Conditions g\u00e9n\u00e9rales | VDV Consult\" \/>\n<meta property=\"og:description\" content=\"VDV Consult | Uniquement pour les agences immobili\u00e8res et les promoteurs immobiliers en Belgique\" \/>\n<meta property=\"og:url\" content=\"https:\/\/www.vdv-consult.be\/algemene-voorwaarden\/\" \/>\n<meta property=\"og:site_name\" content=\"VDV Consult\" \/>\n<meta property=\"article:modified_time\" content=\"2022-08-31T16:42:12+00:00\" \/>\n<meta name=\"twitter:card\" content=\"summary_large_image\" \/>\n<meta name=\"twitter:label1\" content=\"Dur\u00e9e de lecture estim\u00e9e\" \/>\n\t<meta name=\"twitter:data1\" content=\"1 minute\" \/>\n<script type=\"application\/ld+json\" class=\"yoast-schema-graph\">{\"@context\":\"https:\/\/schema.org\",\"@graph\":[{\"@type\":\"WebPage\",\"@id\":\"https:\/\/www.vdv-consult.be\/algemene-voorwaarden\/\",\"url\":\"https:\/\/www.vdv-consult.be\/algemene-voorwaarden\/\",\"name\":\"Conditions g\u00e9n\u00e9rales | VDV Consult\",\"isPartOf\":{\"@id\":\"https:\/\/www.vdv-consult.be\/#website\"},\"datePublished\":\"2021-06-16T14:11:27+00:00\",\"dateModified\":\"2022-08-31T16:42:12+00:00\",\"description\":\"VDV Consult | Uniquement pour les agences immobili\u00e8res et les promoteurs immobiliers en Belgique\",\"breadcrumb\":{\"@id\":\"https:\/\/www.vdv-consult.be\/algemene-voorwaarden\/#breadcrumb\"},\"inLanguage\":\"fr-FR\",\"potentialAction\":[{\"@type\":\"ReadAction\",\"target\":[\"https:\/\/www.vdv-consult.be\/algemene-voorwaarden\/\"]}]},{\"@type\":\"BreadcrumbList\",\"@id\":\"https:\/\/www.vdv-consult.be\/algemene-voorwaarden\/#breadcrumb\",\"itemListElement\":[{\"@type\":\"ListItem\",\"position\":1,\"name\":\"Home\",\"item\":\"https:\/\/www.vdv-consult.be\/fr\/home\/\"},{\"@type\":\"ListItem\",\"position\":2,\"name\":\"FR Algemene voorwaarden\"}]},{\"@type\":\"WebSite\",\"@id\":\"https:\/\/www.vdv-consult.be\/#website\",\"url\":\"https:\/\/www.vdv-consult.be\/\",\"name\":\"VDV Consult\",\"description\":\"VDV Consult - Offici\u00eble partner van Eneco voor vastgoedkantoren en bouwpromotoren in Belgi\u00eb\",\"potentialAction\":[{\"@type\":\"SearchAction\",\"target\":{\"@type\":\"EntryPoint\",\"urlTemplate\":\"https:\/\/www.vdv-consult.be\/?s={search_term_string}\"},\"query-input\":\"required name=search_term_string\"}],\"inLanguage\":\"fr-FR\"}]}<\/script>\n<!-- \/ Yoast SEO plugin. -->","yoast_head_json":{"title":"Conditions g\u00e9n\u00e9rales | VDV Consult","description":"VDV Consult | Uniquement pour les agences immobili\u00e8res et les promoteurs immobiliers en Belgique","robots":{"index":"index","follow":"follow","max-snippet":"max-snippet:-1","max-image-preview":"max-image-preview:large","max-video-preview":"max-video-preview:-1"},"canonical":"https:\/\/www.vdv-consult.be\/fr\/algemene-voorwaarden\/","og_locale":"fr_FR","og_type":"article","og_title":"Conditions g\u00e9n\u00e9rales | VDV Consult","og_description":"VDV Consult | Uniquement pour les agences immobili\u00e8res et les promoteurs immobiliers en Belgique","og_url":"https:\/\/www.vdv-consult.be\/algemene-voorwaarden\/","og_site_name":"VDV Consult","article_modified_time":"2022-08-31T16:42:12+00:00","twitter_card":"summary_large_image","twitter_misc":{"Dur\u00e9e de lecture estim\u00e9e":"1 minute"},"schema":{"@context":"https:\/\/schema.org","@graph":[{"@type":"WebPage","@id":"https:\/\/www.vdv-consult.be\/algemene-voorwaarden\/","url":"https:\/\/www.vdv-consult.be\/algemene-voorwaarden\/","name":"Conditions g\u00e9n\u00e9rales | VDV Consult","isPartOf":{"@id":"https:\/\/www.vdv-consult.be\/#website"},"datePublished":"2021-06-16T14:11:27+00:00","dateModified":"2022-08-31T16:42:12+00:00","description":"VDV Consult | Uniquement pour les agences immobili\u00e8res et les promoteurs immobiliers en Belgique","breadcrumb":{"@id":"https:\/\/www.vdv-consult.be\/algemene-voorwaarden\/#breadcrumb"},"inLanguage":"fr-FR","potentialAction":[{"@type":"ReadAction","target":["https:\/\/www.vdv-consult.be\/algemene-voorwaarden\/"]}]},{"@type":"BreadcrumbList","@id":"https:\/\/www.vdv-consult.be\/algemene-voorwaarden\/#breadcrumb","itemListElement":[{"@type":"ListItem","position":1,"name":"Home","item":"https:\/\/www.vdv-consult.be\/fr\/home\/"},{"@type":"ListItem","position":2,"name":"FR Algemene voorwaarden"}]},{"@type":"WebSite","@id":"https:\/\/www.vdv-consult.be\/#website","url":"https:\/\/www.vdv-consult.be\/","name":"VDV Consult","description":"VDV Consult - Offici\u00eble partner van Eneco voor vastgoedkantoren en bouwpromotoren in Belgi\u00eb","potentialAction":[{"@type":"SearchAction","target":{"@type":"EntryPoint","urlTemplate":"https:\/\/www.vdv-consult.be\/?s={search_term_string}"},"query-input":"required name=search_term_string"}],"inLanguage":"fr-FR"}]}},"_links":{"self":[{"href":"https:\/\/www.vdv-consult.be\/fr\/wp-json\/wp\/v2\/pages\/267","targetHints":{"allow":["GET"]}}],"collection":[{"href":"https:\/\/www.vdv-consult.be\/fr\/wp-json\/wp\/v2\/pages"}],"about":[{"href":"https:\/\/www.vdv-consult.be\/fr\/wp-json\/wp\/v2\/types\/page"}],"author":[{"embeddable":true,"href":"https:\/\/www.vdv-consult.be\/fr\/wp-json\/wp\/v2\/users\/2"}],"replies":[{"embeddable":true,"href":"https:\/\/www.vdv-consult.be\/fr\/wp-json\/wp\/v2\/comments?post=267"}],"version-history":[{"count":4,"href":"https:\/\/www.vdv-consult.be\/fr\/wp-json\/wp\/v2\/pages\/267\/revisions"}],"predecessor-version":[{"id":292,"href":"https:\/\/www.vdv-consult.be\/fr\/wp-json\/wp\/v2\/pages\/267\/revisions\/292"}],"wp:attachment":[{"href":"https:\/\/www.vdv-consult.be\/fr\/wp-json\/wp\/v2\/media?parent=267"}],"curies":[{"name":"wp","href":"https:\/\/api.w.org\/{rel}","templated":true}]}}