{"id":271,"date":"2021-06-16T16:14:10","date_gmt":"2021-06-16T14:14:10","guid":{"rendered":"https:\/\/www.vdv-consult.be\/cookiebeleid\/"},"modified":"2022-08-31T18:42:19","modified_gmt":"2022-08-31T16:42:19","slug":"cookiebeleid","status":"publish","type":"page","link":"https:\/\/www.vdv-consult.be\/fr\/cookiebeleid\/","title":{"rendered":"FR Cookiebeleid"},"content":{"rendered":"<div id=\"cs-content\" class=\"cs-content\"><\/div>\n","protected":false},"excerpt":{"rendered":"<p>Politique en mati\u00e8re de cookiesVDV Consult utilise des cookies et d\u2019autres techniques telles que JavaScript et les pixels de conversion. Nous voulons assurer la protection de votre vie priv\u00e9e et am\u00e9liorer la facilit\u00e9 d\u2019utilisation de votre (vos) visite(s) sur notre site, c\u2019est pourquoi nous pensons qu\u2019il est important que vous sachiez comment et pourquoi nous utilisons des cookies. Ci-dessous, nous &#8230; <\/p>\n<div><a href=\"https:\/\/www.vdv-consult.be\/fr\/cookiebeleid\/\" class=\"more-link\">Read More<\/a><\/div>\n","protected":false},"author":2,"featured_media":0,"parent":0,"menu_order":0,"comment_status":"closed","ping_status":"closed","template":"template-blank-4.php","meta":{"footnotes":""},"class_list":["post-271","page","type-page","status-publish","hentry","no-post-thumbnail"],"yoast_head":"<!-- This site is optimized with the Yoast SEO plugin v21.7 - https:\/\/yoast.com\/wordpress\/plugins\/seo\/ -->\n<title>Politique en mati\u00e8res cookies | VDV Consult<\/title>\n<meta name=\"description\" content=\"VDV Consult | Uniquement pour les agences immobili\u00e8res et les promoteurs immobiliers en Belgique\" \/>\n<meta name=\"robots\" content=\"index, follow, max-snippet:-1, max-image-preview:large, max-video-preview:-1\" \/>\n<link rel=\"canonical\" href=\"https:\/\/www.vdv-consult.be\/fr\/cookiebeleid\/\" \/>\n<meta property=\"og:locale\" content=\"fr_FR\" \/>\n<meta property=\"og:type\" content=\"article\" \/>\n<meta property=\"og:title\" content=\"Politique en mati\u00e8res cookies | VDV Consult\" \/>\n<meta property=\"og:description\" content=\"VDV Consult | Uniquement pour les agences immobili\u00e8res et les promoteurs immobiliers en Belgique\" \/>\n<meta property=\"og:url\" content=\"https:\/\/www.vdv-consult.be\/cookiebeleid\/\" \/>\n<meta property=\"og:site_name\" content=\"VDV Consult\" \/>\n<meta property=\"article:modified_time\" content=\"2022-08-31T16:42:19+00:00\" \/>\n<meta name=\"twitter:card\" content=\"summary_large_image\" \/>\n<meta name=\"twitter:label1\" content=\"Dur\u00e9e de lecture estim\u00e9e\" \/>\n\t<meta name=\"twitter:data1\" content=\"5 minutes\" \/>\n<script type=\"application\/ld+json\" class=\"yoast-schema-graph\">{\"@context\":\"https:\/\/schema.org\",\"@graph\":[{\"@type\":\"WebPage\",\"@id\":\"https:\/\/www.vdv-consult.be\/cookiebeleid\/\",\"url\":\"https:\/\/www.vdv-consult.be\/cookiebeleid\/\",\"name\":\"Politique en mati\u00e8res cookies | VDV Consult\",\"isPartOf\":{\"@id\":\"https:\/\/www.vdv-consult.be\/#website\"},\"datePublished\":\"2021-06-16T14:14:10+00:00\",\"dateModified\":\"2022-08-31T16:42:19+00:00\",\"description\":\"VDV Consult | Uniquement pour les agences immobili\u00e8res et les promoteurs immobiliers en Belgique\",\"breadcrumb\":{\"@id\":\"https:\/\/www.vdv-consult.be\/cookiebeleid\/#breadcrumb\"},\"inLanguage\":\"fr-FR\",\"potentialAction\":[{\"@type\":\"ReadAction\",\"target\":[\"https:\/\/www.vdv-consult.be\/cookiebeleid\/\"]}]},{\"@type\":\"BreadcrumbList\",\"@id\":\"https:\/\/www.vdv-consult.be\/cookiebeleid\/#breadcrumb\",\"itemListElement\":[{\"@type\":\"ListItem\",\"position\":1,\"name\":\"Home\",\"item\":\"https:\/\/www.vdv-consult.be\/fr\/home\/\"},{\"@type\":\"ListItem\",\"position\":2,\"name\":\"FR Cookiebeleid\"}]},{\"@type\":\"WebSite\",\"@id\":\"https:\/\/www.vdv-consult.be\/#website\",\"url\":\"https:\/\/www.vdv-consult.be\/\",\"name\":\"VDV Consult\",\"description\":\"VDV Consult - Offici\u00eble partner van Eneco voor vastgoedkantoren en bouwpromotoren in Belgi\u00eb\",\"potentialAction\":[{\"@type\":\"SearchAction\",\"target\":{\"@type\":\"EntryPoint\",\"urlTemplate\":\"https:\/\/www.vdv-consult.be\/?s={search_term_string}\"},\"query-input\":\"required name=search_term_string\"}],\"inLanguage\":\"fr-FR\"}]}<\/script>\n<!-- \/ Yoast SEO plugin. -->","yoast_head_json":{"title":"Politique en mati\u00e8res cookies | VDV Consult","description":"VDV Consult | Uniquement pour les agences immobili\u00e8res et les promoteurs immobiliers en Belgique","robots":{"index":"index","follow":"follow","max-snippet":"max-snippet:-1","max-image-preview":"max-image-preview:large","max-video-preview":"max-video-preview:-1"},"canonical":"https:\/\/www.vdv-consult.be\/fr\/cookiebeleid\/","og_locale":"fr_FR","og_type":"article","og_title":"Politique en mati\u00e8res cookies | VDV Consult","og_description":"VDV Consult | Uniquement pour les agences immobili\u00e8res et les promoteurs immobiliers en Belgique","og_url":"https:\/\/www.vdv-consult.be\/cookiebeleid\/","og_site_name":"VDV Consult","article_modified_time":"2022-08-31T16:42:19+00:00","twitter_card":"summary_large_image","twitter_misc":{"Dur\u00e9e de lecture estim\u00e9e":"5 minutes"},"schema":{"@context":"https:\/\/schema.org","@graph":[{"@type":"WebPage","@id":"https:\/\/www.vdv-consult.be\/cookiebeleid\/","url":"https:\/\/www.vdv-consult.be\/cookiebeleid\/","name":"Politique en mati\u00e8res cookies | VDV Consult","isPartOf":{"@id":"https:\/\/www.vdv-consult.be\/#website"},"datePublished":"2021-06-16T14:14:10+00:00","dateModified":"2022-08-31T16:42:19+00:00","description":"VDV Consult | Uniquement pour les agences immobili\u00e8res et les promoteurs immobiliers en Belgique","breadcrumb":{"@id":"https:\/\/www.vdv-consult.be\/cookiebeleid\/#breadcrumb"},"inLanguage":"fr-FR","potentialAction":[{"@type":"ReadAction","target":["https:\/\/www.vdv-consult.be\/cookiebeleid\/"]}]},{"@type":"BreadcrumbList","@id":"https:\/\/www.vdv-consult.be\/cookiebeleid\/#breadcrumb","itemListElement":[{"@type":"ListItem","position":1,"name":"Home","item":"https:\/\/www.vdv-consult.be\/fr\/home\/"},{"@type":"ListItem","position":2,"name":"FR Cookiebeleid"}]},{"@type":"WebSite","@id":"https:\/\/www.vdv-consult.be\/#website","url":"https:\/\/www.vdv-consult.be\/","name":"VDV Consult","description":"VDV Consult - Offici\u00eble partner van Eneco voor vastgoedkantoren en bouwpromotoren in Belgi\u00eb","potentialAction":[{"@type":"SearchAction","target":{"@type":"EntryPoint","urlTemplate":"https:\/\/www.vdv-consult.be\/?s={search_term_string}"},"query-input":"required name=search_term_string"}],"inLanguage":"fr-FR"}]}},"_links":{"self":[{"href":"https:\/\/www.vdv-consult.be\/fr\/wp-json\/wp\/v2\/pages\/271","targetHints":{"allow":["GET"]}}],"collection":[{"href":"https:\/\/www.vdv-consult.be\/fr\/wp-json\/wp\/v2\/pages"}],"about":[{"href":"https:\/\/www.vdv-consult.be\/fr\/wp-json\/wp\/v2\/types\/page"}],"author":[{"embeddable":true,"href":"https:\/\/www.vdv-consult.be\/fr\/wp-json\/wp\/v2\/users\/2"}],"replies":[{"embeddable":true,"href":"https:\/\/www.vdv-consult.be\/fr\/wp-json\/wp\/v2\/comments?post=271"}],"version-history":[{"count":3,"href":"https:\/\/www.vdv-consult.be\/fr\/wp-json\/wp\/v2\/pages\/271\/revisions"}],"predecessor-version":[{"id":293,"href":"https:\/\/www.vdv-consult.be\/fr\/wp-json\/wp\/v2\/pages\/271\/revisions\/293"}],"wp:attachment":[{"href":"https:\/\/www.vdv-consult.be\/fr\/wp-json\/wp\/v2\/media?parent=271"}],"curies":[{"name":"wp","href":"https:\/\/api.w.org\/{rel}","templated":true}]}}