{"id":274,"date":"2021-06-16T16:13:58","date_gmt":"2021-06-16T14:13:58","guid":{"rendered":"https:\/\/www.vdv-consult.be\/privacyverklaring\/"},"modified":"2022-08-31T18:42:54","modified_gmt":"2022-08-31T16:42:54","slug":"privacyverklaring","status":"publish","type":"page","link":"https:\/\/www.vdv-consult.be\/fr\/privacyverklaring\/","title":{"rendered":"FR Privacyverklaring"},"content":{"rendered":"<div id=\"cs-content\" class=\"cs-content\"><\/div>\n","protected":false},"excerpt":{"rendered":"<p>D\u00e9claration de confidentialit\u00e9Coordonn\u00e9es de contact Organisation:\u00a0VDV Consult Repr\u00e9sent\u00e9e par:\u00a0Theo Vandevoort Num\u00e9ro d\u2019entreprise:\u00a0BE 0547.709.312 Etablie \u00e0:\u00a0Populierenlaan 67, 3621 Rekem, Belgique E-mail:\u00a0info@vdvconsult.be Nous respectons votre vie priv\u00e9e et nous utilisons vos donn\u00e9es personnelles uniquement pour les raisons pour lesquelles vous les avez fournies, et conform\u00e9ment aux l\u00e9gislations en vigueur concernant la vie priv\u00e9e. Nous sommes responsables de l\u2019utilisation de vos donn\u00e9es personnelles, &#8230; <\/p>\n<div><a href=\"https:\/\/www.vdv-consult.be\/fr\/privacyverklaring\/\" class=\"more-link\">Read More<\/a><\/div>\n","protected":false},"author":2,"featured_media":0,"parent":0,"menu_order":0,"comment_status":"closed","ping_status":"closed","template":"template-blank-4.php","meta":{"footnotes":""},"class_list":["post-274","page","type-page","status-publish","hentry","no-post-thumbnail"],"yoast_head":"<!-- This site is optimized with the Yoast SEO plugin v21.7 - https:\/\/yoast.com\/wordpress\/plugins\/seo\/ -->\n<title>D\u00e9claration de confidentialit\u00e9 | VDV Consult<\/title>\n<meta name=\"description\" content=\"VDV Consult | Uniquement pour les agences immobili\u00e8res et les promoteurs immobiliers en Belgique\" \/>\n<meta name=\"robots\" content=\"index, follow, max-snippet:-1, max-image-preview:large, max-video-preview:-1\" \/>\n<link rel=\"canonical\" href=\"https:\/\/www.vdv-consult.be\/fr\/privacyverklaring\/\" \/>\n<meta property=\"og:locale\" content=\"fr_FR\" \/>\n<meta property=\"og:type\" content=\"article\" \/>\n<meta property=\"og:title\" content=\"D\u00e9claration de confidentialit\u00e9 | VDV Consult\" \/>\n<meta property=\"og:description\" content=\"VDV Consult | Uniquement pour les agences immobili\u00e8res et les promoteurs immobiliers en Belgique\" \/>\n<meta property=\"og:url\" content=\"https:\/\/www.vdv-consult.be\/privacyverklaring\/\" \/>\n<meta property=\"og:site_name\" content=\"VDV Consult\" \/>\n<meta property=\"article:modified_time\" content=\"2022-08-31T16:42:54+00:00\" \/>\n<meta name=\"twitter:card\" content=\"summary_large_image\" \/>\n<meta name=\"twitter:label1\" content=\"Dur\u00e9e de lecture estim\u00e9e\" \/>\n\t<meta name=\"twitter:data1\" content=\"9 minutes\" \/>\n<script type=\"application\/ld+json\" class=\"yoast-schema-graph\">{\"@context\":\"https:\/\/schema.org\",\"@graph\":[{\"@type\":\"WebPage\",\"@id\":\"https:\/\/www.vdv-consult.be\/privacyverklaring\/\",\"url\":\"https:\/\/www.vdv-consult.be\/privacyverklaring\/\",\"name\":\"D\u00e9claration de confidentialit\u00e9 | VDV Consult\",\"isPartOf\":{\"@id\":\"https:\/\/www.vdv-consult.be\/#website\"},\"datePublished\":\"2021-06-16T14:13:58+00:00\",\"dateModified\":\"2022-08-31T16:42:54+00:00\",\"description\":\"VDV Consult | Uniquement pour les agences immobili\u00e8res et les promoteurs immobiliers en Belgique\",\"breadcrumb\":{\"@id\":\"https:\/\/www.vdv-consult.be\/privacyverklaring\/#breadcrumb\"},\"inLanguage\":\"fr-FR\",\"potentialAction\":[{\"@type\":\"ReadAction\",\"target\":[\"https:\/\/www.vdv-consult.be\/privacyverklaring\/\"]}]},{\"@type\":\"BreadcrumbList\",\"@id\":\"https:\/\/www.vdv-consult.be\/privacyverklaring\/#breadcrumb\",\"itemListElement\":[{\"@type\":\"ListItem\",\"position\":1,\"name\":\"Home\",\"item\":\"https:\/\/www.vdv-consult.be\/fr\/home\/\"},{\"@type\":\"ListItem\",\"position\":2,\"name\":\"FR Privacyverklaring\"}]},{\"@type\":\"WebSite\",\"@id\":\"https:\/\/www.vdv-consult.be\/#website\",\"url\":\"https:\/\/www.vdv-consult.be\/\",\"name\":\"VDV Consult\",\"description\":\"VDV Consult - Offici\u00eble partner van Eneco voor vastgoedkantoren en bouwpromotoren in Belgi\u00eb\",\"potentialAction\":[{\"@type\":\"SearchAction\",\"target\":{\"@type\":\"EntryPoint\",\"urlTemplate\":\"https:\/\/www.vdv-consult.be\/?s={search_term_string}\"},\"query-input\":\"required name=search_term_string\"}],\"inLanguage\":\"fr-FR\"}]}<\/script>\n<!-- \/ Yoast SEO plugin. -->","yoast_head_json":{"title":"D\u00e9claration de confidentialit\u00e9 | VDV Consult","description":"VDV Consult | Uniquement pour les agences immobili\u00e8res et les promoteurs immobiliers en Belgique","robots":{"index":"index","follow":"follow","max-snippet":"max-snippet:-1","max-image-preview":"max-image-preview:large","max-video-preview":"max-video-preview:-1"},"canonical":"https:\/\/www.vdv-consult.be\/fr\/privacyverklaring\/","og_locale":"fr_FR","og_type":"article","og_title":"D\u00e9claration de confidentialit\u00e9 | VDV Consult","og_description":"VDV Consult | Uniquement pour les agences immobili\u00e8res et les promoteurs immobiliers en Belgique","og_url":"https:\/\/www.vdv-consult.be\/privacyverklaring\/","og_site_name":"VDV Consult","article_modified_time":"2022-08-31T16:42:54+00:00","twitter_card":"summary_large_image","twitter_misc":{"Dur\u00e9e de lecture estim\u00e9e":"9 minutes"},"schema":{"@context":"https:\/\/schema.org","@graph":[{"@type":"WebPage","@id":"https:\/\/www.vdv-consult.be\/privacyverklaring\/","url":"https:\/\/www.vdv-consult.be\/privacyverklaring\/","name":"D\u00e9claration de confidentialit\u00e9 | VDV Consult","isPartOf":{"@id":"https:\/\/www.vdv-consult.be\/#website"},"datePublished":"2021-06-16T14:13:58+00:00","dateModified":"2022-08-31T16:42:54+00:00","description":"VDV Consult | Uniquement pour les agences immobili\u00e8res et les promoteurs immobiliers en Belgique","breadcrumb":{"@id":"https:\/\/www.vdv-consult.be\/privacyverklaring\/#breadcrumb"},"inLanguage":"fr-FR","potentialAction":[{"@type":"ReadAction","target":["https:\/\/www.vdv-consult.be\/privacyverklaring\/"]}]},{"@type":"BreadcrumbList","@id":"https:\/\/www.vdv-consult.be\/privacyverklaring\/#breadcrumb","itemListElement":[{"@type":"ListItem","position":1,"name":"Home","item":"https:\/\/www.vdv-consult.be\/fr\/home\/"},{"@type":"ListItem","position":2,"name":"FR Privacyverklaring"}]},{"@type":"WebSite","@id":"https:\/\/www.vdv-consult.be\/#website","url":"https:\/\/www.vdv-consult.be\/","name":"VDV Consult","description":"VDV Consult - Offici\u00eble partner van Eneco voor vastgoedkantoren en bouwpromotoren in Belgi\u00eb","potentialAction":[{"@type":"SearchAction","target":{"@type":"EntryPoint","urlTemplate":"https:\/\/www.vdv-consult.be\/?s={search_term_string}"},"query-input":"required name=search_term_string"}],"inLanguage":"fr-FR"}]}},"_links":{"self":[{"href":"https:\/\/www.vdv-consult.be\/fr\/wp-json\/wp\/v2\/pages\/274","targetHints":{"allow":["GET"]}}],"collection":[{"href":"https:\/\/www.vdv-consult.be\/fr\/wp-json\/wp\/v2\/pages"}],"about":[{"href":"https:\/\/www.vdv-consult.be\/fr\/wp-json\/wp\/v2\/types\/page"}],"author":[{"embeddable":true,"href":"https:\/\/www.vdv-consult.be\/fr\/wp-json\/wp\/v2\/users\/2"}],"replies":[{"embeddable":true,"href":"https:\/\/www.vdv-consult.be\/fr\/wp-json\/wp\/v2\/comments?post=274"}],"version-history":[{"count":4,"href":"https:\/\/www.vdv-consult.be\/fr\/wp-json\/wp\/v2\/pages\/274\/revisions"}],"predecessor-version":[{"id":298,"href":"https:\/\/www.vdv-consult.be\/fr\/wp-json\/wp\/v2\/pages\/274\/revisions\/298"}],"wp:attachment":[{"href":"https:\/\/www.vdv-consult.be\/fr\/wp-json\/wp\/v2\/media?parent=274"}],"curies":[{"name":"wp","href":"https:\/\/api.w.org\/{rel}","templated":true}]}}